{"id":28670,"date":"2016-10-26T11:24:41","date_gmt":"2016-10-26T09:24:41","guid":{"rendered":"https:\/\/www.immune-therapy.vet\/contact\/"},"modified":"2025-05-27T12:50:26","modified_gmt":"2025-05-27T10:50:26","slug":"contact","status":"publish","type":"page","link":"https:\/\/www.immune-therapy.vet\/en\/contact\/","title":{"rendered":"Contact"},"content":{"rendered":"<div class=\"wpb-content-wrapper\"><p>[vc_row css_animation=&#8221;&#8221; row_type=&#8221;row&#8221; use_row_as_full_screen_section=&#8221;no&#8221; type=&#8221;full_width&#8221; angled_section=&#8221;no&#8221; text_align=&#8221;left&#8221; background_image_as_pattern=&#8221;without_pattern&#8221;][vc_column][vc_row_inner row_type=&#8221;row&#8221; type=&#8221;full_width&#8221; text_align=&#8221;left&#8221; css_animation=&#8221;&#8221;][vc_column_inner][vc_column_text css=&#8221;&#8221;]<div id=\"quform-a6556e\" class=\"quform quform-5 quform-support-page-caching\"><form id=\"quform-form-a6556e\" class=\"quform-form quform-form-5\" action=\"\/en\/wp-json\/wp\/v2\/pages\/28670#quform-a6556e\" method=\"post\" enctype=\"multipart\/form-data\" novalidate=\"novalidate\" data-options=\"{&quot;id&quot;:5,&quot;uniqueId&quot;:&quot;a6556e&quot;,&quot;theme&quot;:&quot;&quot;,&quot;ajax&quot;:true,&quot;logic&quot;:{&quot;logic&quot;:[],&quot;dependents&quot;:[],&quot;elementIds&quot;:[],&quot;dependentElementIds&quot;:[],&quot;animate&quot;:true},&quot;currentPageId&quot;:1,&quot;errorsIcon&quot;:&quot;&quot;,&quot;updateFancybox&quot;:true,&quot;hasPages&quot;:false,&quot;pages&quot;:[1],&quot;pageProgressType&quot;:&quot;numbers&quot;,&quot;tooltipsEnabled&quot;:true,&quot;tooltipClasses&quot;:&quot;qtip-quform-dark qtip-shadow&quot;,&quot;tooltipMy&quot;:&quot;left center&quot;,&quot;tooltipAt&quot;:&quot;right center&quot;,&quot;isRtl&quot;:false,&quot;scrollOffset&quot;:-50,&quot;scrollSpeed&quot;:800}\"><button class=\"quform-default-submit\" name=\"quform_submit\" type=\"submit\" value=\"submit\" aria-hidden=\"true\" tabindex=\"-1\"><\/button><div class=\"quform-form-inner quform-form-inner-5\"><input type=\"hidden\" name=\"quform_form_id\" value=\"5\" \/><input type=\"hidden\" name=\"quform_form_uid\" value=\"a6556e\" \/><input type=\"hidden\" name=\"quform_count\" value=\"1\" \/><input type=\"hidden\" name=\"form_url\" value=\"https:\/\/www.immune-therapy.vet\/en\/wp-json\/wp\/v2\/pages\/28670\" \/><input type=\"hidden\" name=\"referring_url\" value=\"\" \/><input type=\"hidden\" name=\"post_id\" value=\"\" \/><input type=\"hidden\" name=\"post_title\" value=\"\" \/><input type=\"hidden\" name=\"quform_current_page_id\" value=\"1\" \/><input type=\"hidden\" name=\"quform_csrf_token\" value=\"qfrpez7b5h10nVqGt3FQ0PJMPpvxRAokGbEVMBIO\" \/><div class=\"quform-form-title-description\"><h2 class=\"quform-form-title\">Get in touch<\/h2><p class=\"quform-form-description\">We are happy to support you with personalized advice regarding the care of your animal. As we have treated many patients already, we can offer in-depth guidance tailored to your specific case, since we have often received similar inquiries in the past.\n<br>\nWe are also happy to speak with your attending veterinarian to help coordinate previously conducted and planned treatments. After all, your veterinarian knows both the owner and the patient well and is best positioned to assess the situation at home and the interactions involved. In many cases, it is important to align different forms of therapy effectively.<br><\/p><\/div><div class=\"quform-elements quform-elements-5 quform-cf quform-responsive-elements-phone-landscape\"><div class=\"quform-element quform-element-page quform-page-1 quform-page-5_1 quform-cf quform-group-style-plain quform-first-page quform-last-page quform-current-page\"><div class=\"quform-child-elements\"><div class=\"quform-element quform-element-group quform-element-5_3 quform-cf quform-group-style-plain\"><div class=\"quform-spacer\"><div class=\"quform-child-elements\"><div class=\"quform-element quform-element-row quform-element-row-5_4 quform-2-columns quform-element-row-size-fixed quform-responsive-columns-phone-landscape\"><div class=\"quform-element quform-element-column quform-element-5_5\"><div class=\"quform-element quform-element-text quform-element-5_9 quform-cf quform-element-required\"><div class=\"quform-spacer\"><div class=\"quform-inner quform-inner-text quform-inner-5_9\"><div class=\"quform-input quform-input-text quform-input-5_9 quform-cf\"><input type=\"text\" id=\"quform_5_9_a6556e\" name=\"quform_5_9\" class=\"quform-field quform-field-text quform-field-5_9\" placeholder=\"Name\" \/><\/div><\/div><\/div><\/div><\/div><div class=\"quform-element quform-element-column quform-element-5_6\"><div class=\"quform-element quform-element-text quform-element-5_7 quform-cf quform-element-required\"><div class=\"quform-spacer\"><div class=\"quform-inner quform-inner-text quform-inner-5_7\"><div class=\"quform-input quform-input-text quform-input-5_7 quform-cf\"><input type=\"text\" id=\"quform_5_7_a6556e\" name=\"quform_5_7\" class=\"quform-field quform-field-text quform-field-5_7\" placeholder=\"Surname\" \/><\/div><\/div><\/div><\/div><\/div><\/div><div class=\"quform-element quform-element-row quform-element-row-5_10 quform-2-columns quform-element-row-size-fixed quform-responsive-columns-phone-landscape\"><div class=\"quform-element quform-element-column quform-element-5_11\"><div class=\"quform-element quform-element-text quform-element-5_12 quform-cf quform-element-required\"><div class=\"quform-spacer\"><div class=\"quform-inner quform-inner-text quform-inner-5_12\"><div class=\"quform-input quform-input-text quform-input-5_12 quform-cf\"><input type=\"text\" id=\"quform_5_12_a6556e\" name=\"quform_5_12\" class=\"quform-field quform-field-text quform-field-5_12\" placeholder=\"Mail\" \/><\/div><\/div><\/div><\/div><\/div><div class=\"quform-element quform-element-column quform-element-5_13\"><div class=\"quform-element quform-element-text quform-element-5_14 quform-cf quform-element-required\"><div class=\"quform-spacer\"><div class=\"quform-inner quform-inner-text quform-inner-5_14\"><div class=\"quform-input quform-input-text quform-input-5_14 quform-cf\"><input type=\"text\" id=\"quform_5_14_a6556e\" name=\"quform_5_14\" class=\"quform-field quform-field-text quform-field-5_14\" placeholder=\"Phone\" \/><\/div><\/div><\/div><\/div><\/div><\/div><div class=\"quform-element quform-element-row quform-element-row-5_15 quform-2-columns quform-element-row-size-fixed quform-responsive-columns-phone-landscape\"><div class=\"quform-element quform-element-column quform-element-5_16\"><div class=\"quform-element quform-element-text quform-element-5_17 quform-cf quform-element-required\"><div class=\"quform-spacer\"><div class=\"quform-inner quform-inner-text quform-inner-5_17\"><div class=\"quform-input quform-input-text quform-input-5_17 quform-cf\"><input type=\"text\" id=\"quform_5_17_a6556e\" name=\"quform_5_17\" class=\"quform-field quform-field-text quform-field-5_17\" placeholder=\"Patient name\" \/><\/div><\/div><\/div><\/div><\/div><div class=\"quform-element quform-element-column quform-element-5_18\"><div class=\"quform-element quform-element-select quform-element-5_20 quform-cf quform-element-required\"><div class=\"quform-spacer\"><div class=\"quform-inner quform-inner-select quform-inner-5_20\"><div class=\"quform-input quform-input-select quform-input-5_20 quform-cf\"><select id=\"quform_5_20_a6556e\" name=\"quform_5_20\" class=\"quform-field quform-field-select quform-field-5_20\"><option value=\"\" selected=\"selected\">Select your animal<\/option><option value=\"Dogg\">Dogg<\/option><option value=\"Cat\">Cat<\/option><option value=\"Horse\">Horse<\/option><\/select><\/div><\/div><\/div><\/div><\/div><\/div><div class=\"quform-element quform-element-row quform-element-row-5_21 quform-2-columns quform-element-row-size-fixed quform-responsive-columns-phone-landscape\"><div class=\"quform-element quform-element-column quform-element-5_22\"><div class=\"quform-element quform-element-text quform-element-5_26 quform-cf quform-element-optional\"><div class=\"quform-spacer\"><div class=\"quform-inner quform-inner-text quform-inner-5_26\"><div class=\"quform-input quform-input-text quform-input-5_26 quform-cf\"><input type=\"text\" id=\"quform_5_26_a6556e\" name=\"quform_5_26\" class=\"quform-field quform-field-text quform-field-5_26\" placeholder=\"Breed\" \/><\/div><\/div><\/div><\/div><\/div><div class=\"quform-element quform-element-column quform-element-5_24\"><div class=\"quform-element quform-element-text quform-element-5_23 quform-cf quform-element-optional\"><div class=\"quform-spacer\"><div class=\"quform-inner quform-inner-text quform-inner-5_23\"><div class=\"quform-input quform-input-text quform-input-5_23 quform-cf\"><input type=\"text\" id=\"quform_5_23_a6556e\" name=\"quform_5_23\" class=\"quform-field quform-field-text quform-field-5_23\" placeholder=\"Age\" \/><\/div><\/div><\/div><\/div><\/div><\/div><\/div><\/div><\/div><div class=\"quform-element quform-element-textarea quform-element-5_27 quform-cf quform-element-required\"><div class=\"quform-spacer\"><div class=\"quform-label quform-label-5_27\"><label class=\"quform-label-text\" for=\"quform_5_27_a6556e\">Tell us more?<span class=\"quform-required\">*<\/span><\/label><\/div><div class=\"quform-inner quform-inner-textarea quform-inner-5_27\"><div class=\"quform-input quform-input-textarea quform-input-5_27 quform-cf\"><textarea id=\"quform_5_27_a6556e\" name=\"quform_5_27\" class=\"quform-field quform-field-textarea quform-field-5_27\"><\/textarea><\/div><p class=\"quform-description quform-description-below\">Please briefly describe your concern here so that we can get an idea of the situation.<\/p><\/div><\/div><\/div><div class=\"quform-element quform-element-radio quform-element-5_29 quform-cf quform-element-required\"><div class=\"quform-spacer\"><div class=\"quform-label quform-label-5_29\"><label class=\"quform-label-text\" id=\"quform_5_29_a6556e_label\">Datenschutzbestimmungen<span class=\"quform-required\">*<\/span><\/label><\/div><div class=\"quform-inner quform-inner-radio quform-inner-5_29\"><div class=\"quform-input quform-input-radio quform-input-5_29 quform-cf\"><div class=\"quform-options quform-cf quform-options-block quform-options-simple\" role=\"radiogroup\" aria-labelledby=\"quform_5_29_a6556e_label\"><div class=\"quform-option\"><input type=\"radio\" name=\"quform_5_29\" id=\"quform_5_29_a6556e_1\" class=\"quform-field quform-field-radio quform-field-5_29 quform-field-5_29_1\" value=\"I consent, that i can be contacted via my shared informations and agree that these message will be saved and processed digtial.\" \/><label for=\"quform_5_29_a6556e_1\" class=\"quform-option-label quform-option-label-5_29_1\"><span class=\"quform-option-text\">I consent, that i can be contacted via my shared informations and agree that these message will be saved and processed digtial.<\/span><\/label><\/div><\/div><\/div><\/div><\/div><\/div><div class=\"quform-element quform-element-recaptcha quform-element-5_32 quform-cf quform-element-required quform-recaptcha-no-size\"><div class=\"quform-spacer\"><div class=\"quform-inner quform-inner-recaptcha quform-inner-5_32\"><div class=\"quform-input quform-input-recaptcha quform-input-5_32 quform-cf\"><div class=\"quform-recaptcha\" data-config=\"{&quot;sitekey&quot;:&quot;6LdJD_AqAAAAAPAwJqGT8ZswK4Z8CMmaWWZAOqzf&quot;,&quot;_version&quot;:&quot;v3&quot;,&quot;size&quot;:&quot;invisible&quot;,&quot;type&quot;:&quot;image&quot;,&quot;theme&quot;:&quot;light&quot;,&quot;badge&quot;:&quot;bottomright&quot;}\"><\/div><noscript>Please enable JavaScript to submit this form.<\/noscript><\/div><\/div><\/div><\/div><div class=\"quform-element quform-element-submit quform-element-5_2 quform-cf quform-button-style-blue-3d quform-button-size-medium\"><div class=\"quform-button-submit quform-button-submit-default quform-button-submit-5_2\"><button name=\"quform_submit\" type=\"submit\" class=\"quform-submit\" value=\"submit\"><span class=\"quform-button-text quform-button-submit-text\">Send now<\/span><\/button><\/div><div class=\"quform-loading quform-loading-position-left quform-loading-type-spinner-1\"><div class=\"quform-loading-inner\"><div class=\"quform-loading-spinner\"><div class=\"quform-loading-spinner-inner\"><\/div><\/div><\/div><\/div><\/div><div class=\"quform-element-tree\"><label for=\"quform_5_0_a6556e\">This field should be left blank<\/label><input type=\"text\" id=\"quform_5_0_a6556e\" name=\"quform_5_0\" class=\"quform-field quform-field-tree quform-field-5_0\" tabindex=\"-1\" autocomplete=\"off\" \/><\/div><\/div><\/div><\/div><\/div><\/form><\/div>[\/vc_column_text][\/vc_column_inner][\/vc_row_inner][\/vc_column][\/vc_row][vc_row css_animation=&#8221;&#8221; row_type=&#8221;row&#8221; use_row_as_full_screen_section=&#8221;no&#8221; type=&#8221;full_width&#8221; angled_section=&#8221;no&#8221; text_align=&#8221;left&#8221; background_image_as_pattern=&#8221;without_pattern&#8221;][vc_column][vc_column_text css=&#8221;&#8221;]<\/p>\n<h2>Sie erreichen uns unter:<\/h2>\n<p>Tier\u00e4rztliche Praxis f\u00fcr Immuntherapie<br \/>\nDr. med. vet. Thomas Grammel<br \/>\nSchillerstr. 17<br \/>\n37520 Osterode<br \/>\ninfo@immune-therapy.vet<br \/>\nTel: 05522-9182582<br \/>\nMontag bis Freitag: 08:30 &#8211; 17:00 Uhr<\/p>\n<p>Sollten wir einmal nicht pers\u00f6nlich am Telefon zur Verf\u00fcgung stehen, sprechen Sie bitte einfach eine kurze Nachricht mit Ihrem Anliegen, Ihrer R\u00fcckruftelefonnummer und dem gew\u00fcnschten R\u00fcckruftermin auf unser Band, wir melden uns dann schnellstm\u00f6glich bei Ihnen zur\u00fcck, um Ihre Fragen zu beantworten.<\/p>\n<p>Dar\u00fcber hinaus haben Sie weiterhin die M\u00f6glichkeit, uns den <a title=\"Fallbeschreibung PetBioCell\" href=\"https:\/\/www.immune-therapy.vet\/webform\/ihre-fallbeschreibung\/\">Fall Ihres Patienten \u00fcber die Internetseite<\/a> zu schildern oder uns \u00fcber unser Kontaktformular anzuschreiben. Hilfreich ist es h\u00e4ufig, dabei entweder vorhandene Laborunterlagen (Tumoruntersuchungen, Blutunter-suchungen), aber auch Krankenunterlagen mit in die Beratung einzubeziehen. Dadurch kann die Beratung im konkreten Krankheitsfall noch gezielter erfolgen. Bitte senden Sie die vorhandenen Krankenberichte, aber auch Laborunterlagen und Kopien von R\u00f6ntgen und Ultraschallbildern per Mail oder Fax mit ein. Dies macht die Beurteilung einfacher.[\/vc_column_text][\/vc_column][\/vc_row]<\/p>\n<\/div>","protected":false},"excerpt":{"rendered":"<p>Dr. Thomas Grammel<br \/>\nSchillerstr. 17<br \/>\n37520 Osterode<br \/>\nGermany<br \/>\ninfo@immune-therapy.vet<\/p>\n","protected":false},"author":2,"featured_media":0,"parent":0,"menu_order":0,"comment_status":"closed","ping_status":"closed","template":"","meta":{"_acf_changed":false,"content-type":"","footnotes":""},"fallbeispiel_tierart":[],"keywords":[],"naehe_kaufentscheidung":[619],"seo_":[],"text_textart":[],"text_erkrankung":[],"text_status":[30],"text_autor":[],"class_list":["post-28670","page","type-page","status-publish","hentry","naehe_kaufentscheidung-4-allgemeingesundheit","text_status-entwurf"],"acf":[],"yoast_head":"<!-- This site is optimized with the Yoast SEO Premium plugin v25.5 (Yoast SEO v25.5) - https:\/\/yoast.com\/wordpress\/plugins\/seo\/ -->\n<title>Contact - Immune Therapy Vet<\/title>\n<meta name=\"robots\" content=\"index, follow, max-snippet:-1, max-image-preview:large, max-video-preview:-1\" \/>\n<link rel=\"canonical\" href=\"https:\/\/www.immune-therapy.vet\/en\/contact\/\" \/>\n<meta property=\"og:locale\" content=\"en_US\" \/>\n<meta property=\"og:type\" content=\"article\" \/>\n<meta property=\"og:title\" content=\"Contact\" \/>\n<meta property=\"og:description\" content=\"Dr. Thomas Grammel Schillerstr. 17 37520 Osterode Germany info@immune-therapy.vet\" \/>\n<meta property=\"og:url\" content=\"https:\/\/www.immune-therapy.vet\/en\/contact\/\" \/>\n<meta property=\"og:site_name\" content=\"Immune Therapy Vet\" \/>\n<meta property=\"article:modified_time\" content=\"2025-05-27T10:50:26+00:00\" \/>\n<meta name=\"twitter:card\" content=\"summary_large_image\" \/>\n<meta name=\"twitter:label1\" content=\"Est. reading time\" \/>\n\t<meta name=\"twitter:data1\" content=\"1 minute\" \/>\n<script type=\"application\/ld+json\" class=\"yoast-schema-graph\">{\"@context\":\"https:\/\/schema.org\",\"@graph\":[{\"@type\":\"WebPage\",\"@id\":\"https:\/\/www.immune-therapy.vet\/en\/contact\/\",\"url\":\"https:\/\/www.immune-therapy.vet\/en\/contact\/\",\"name\":\"Contact - Immune Therapy Vet\",\"isPartOf\":{\"@id\":\"https:\/\/www.immune-therapy.vet\/#website\"},\"datePublished\":\"2016-10-26T09:24:41+00:00\",\"dateModified\":\"2025-05-27T10:50:26+00:00\",\"breadcrumb\":{\"@id\":\"https:\/\/www.immune-therapy.vet\/en\/contact\/#breadcrumb\"},\"inLanguage\":\"en-US\",\"potentialAction\":[{\"@type\":\"ReadAction\",\"target\":[\"https:\/\/www.immune-therapy.vet\/en\/contact\/\"]}]},{\"@type\":\"BreadcrumbList\",\"@id\":\"https:\/\/www.immune-therapy.vet\/en\/contact\/#breadcrumb\",\"itemListElement\":[{\"@type\":\"ListItem\",\"position\":1,\"name\":\"Startseite\",\"item\":\"https:\/\/www.immune-therapy.vet\/en\/start\/\"},{\"@type\":\"ListItem\",\"position\":2,\"name\":\"Contact\"}]},{\"@type\":\"WebSite\",\"@id\":\"https:\/\/www.immune-therapy.vet\/#website\",\"url\":\"https:\/\/www.immune-therapy.vet\/\",\"name\":\"Immune Therapy Vet\",\"description\":\"Die immunologische Alternative f\u00fcr Ihr Tier\",\"publisher\":{\"@id\":\"https:\/\/www.immune-therapy.vet\/#organization\"},\"potentialAction\":[{\"@type\":\"SearchAction\",\"target\":{\"@type\":\"EntryPoint\",\"urlTemplate\":\"https:\/\/www.immune-therapy.vet\/?s={search_term_string}\"},\"query-input\":{\"@type\":\"PropertyValueSpecification\",\"valueRequired\":true,\"valueName\":\"search_term_string\"}}],\"inLanguage\":\"en-US\"},{\"@type\":\"Organization\",\"@id\":\"https:\/\/www.immune-therapy.vet\/#organization\",\"name\":\"Dendritische Zelltherapie\",\"url\":\"https:\/\/www.immune-therapy.vet\/\",\"logo\":{\"@type\":\"ImageObject\",\"inLanguage\":\"en-US\",\"@id\":\"https:\/\/www.immune-therapy.vet\/#\/schema\/logo\/image\/\",\"url\":\"https:\/\/www.immune-therapy.vet\/wp-content\/uploads\/2025\/03\/immune-therapy-icon25.png\",\"contentUrl\":\"https:\/\/www.immune-therapy.vet\/wp-content\/uploads\/2025\/03\/immune-therapy-icon25.png\",\"width\":512,\"height\":512,\"caption\":\"Dendritische Zelltherapie\"},\"image\":{\"@id\":\"https:\/\/www.immune-therapy.vet\/#\/schema\/logo\/image\/\"}}]}<\/script>\n<!-- \/ Yoast SEO Premium plugin. -->","yoast_head_json":{"title":"Contact - Immune Therapy Vet","robots":{"index":"index","follow":"follow","max-snippet":"max-snippet:-1","max-image-preview":"max-image-preview:large","max-video-preview":"max-video-preview:-1"},"canonical":"https:\/\/www.immune-therapy.vet\/en\/contact\/","og_locale":"en_US","og_type":"article","og_title":"Contact","og_description":"Dr. Thomas Grammel Schillerstr. 17 37520 Osterode Germany info@immune-therapy.vet","og_url":"https:\/\/www.immune-therapy.vet\/en\/contact\/","og_site_name":"Immune Therapy Vet","article_modified_time":"2025-05-27T10:50:26+00:00","twitter_card":"summary_large_image","twitter_misc":{"Est. reading time":"1 minute"},"schema":{"@context":"https:\/\/schema.org","@graph":[{"@type":"WebPage","@id":"https:\/\/www.immune-therapy.vet\/en\/contact\/","url":"https:\/\/www.immune-therapy.vet\/en\/contact\/","name":"Contact - Immune Therapy Vet","isPartOf":{"@id":"https:\/\/www.immune-therapy.vet\/#website"},"datePublished":"2016-10-26T09:24:41+00:00","dateModified":"2025-05-27T10:50:26+00:00","breadcrumb":{"@id":"https:\/\/www.immune-therapy.vet\/en\/contact\/#breadcrumb"},"inLanguage":"en-US","potentialAction":[{"@type":"ReadAction","target":["https:\/\/www.immune-therapy.vet\/en\/contact\/"]}]},{"@type":"BreadcrumbList","@id":"https:\/\/www.immune-therapy.vet\/en\/contact\/#breadcrumb","itemListElement":[{"@type":"ListItem","position":1,"name":"Startseite","item":"https:\/\/www.immune-therapy.vet\/en\/start\/"},{"@type":"ListItem","position":2,"name":"Contact"}]},{"@type":"WebSite","@id":"https:\/\/www.immune-therapy.vet\/#website","url":"https:\/\/www.immune-therapy.vet\/","name":"Immune Therapy Vet","description":"Die immunologische Alternative f\u00fcr Ihr Tier","publisher":{"@id":"https:\/\/www.immune-therapy.vet\/#organization"},"potentialAction":[{"@type":"SearchAction","target":{"@type":"EntryPoint","urlTemplate":"https:\/\/www.immune-therapy.vet\/?s={search_term_string}"},"query-input":{"@type":"PropertyValueSpecification","valueRequired":true,"valueName":"search_term_string"}}],"inLanguage":"en-US"},{"@type":"Organization","@id":"https:\/\/www.immune-therapy.vet\/#organization","name":"Dendritische Zelltherapie","url":"https:\/\/www.immune-therapy.vet\/","logo":{"@type":"ImageObject","inLanguage":"en-US","@id":"https:\/\/www.immune-therapy.vet\/#\/schema\/logo\/image\/","url":"https:\/\/www.immune-therapy.vet\/wp-content\/uploads\/2025\/03\/immune-therapy-icon25.png","contentUrl":"https:\/\/www.immune-therapy.vet\/wp-content\/uploads\/2025\/03\/immune-therapy-icon25.png","width":512,"height":512,"caption":"Dendritische Zelltherapie"},"image":{"@id":"https:\/\/www.immune-therapy.vet\/#\/schema\/logo\/image\/"}}]}},"_links":{"self":[{"href":"https:\/\/www.immune-therapy.vet\/en\/wp-json\/wp\/v2\/pages\/28670","targetHints":{"allow":["GET"]}}],"collection":[{"href":"https:\/\/www.immune-therapy.vet\/en\/wp-json\/wp\/v2\/pages"}],"about":[{"href":"https:\/\/www.immune-therapy.vet\/en\/wp-json\/wp\/v2\/types\/page"}],"author":[{"embeddable":true,"href":"https:\/\/www.immune-therapy.vet\/en\/wp-json\/wp\/v2\/users\/2"}],"replies":[{"embeddable":true,"href":"https:\/\/www.immune-therapy.vet\/en\/wp-json\/wp\/v2\/comments?post=28670"}],"version-history":[{"count":11,"href":"https:\/\/www.immune-therapy.vet\/en\/wp-json\/wp\/v2\/pages\/28670\/revisions"}],"predecessor-version":[{"id":28695,"href":"https:\/\/www.immune-therapy.vet\/en\/wp-json\/wp\/v2\/pages\/28670\/revisions\/28695"}],"wp:attachment":[{"href":"https:\/\/www.immune-therapy.vet\/en\/wp-json\/wp\/v2\/media?parent=28670"}],"wp:term":[{"taxonomy":"fallbeispiel_tierart","embeddable":true,"href":"https:\/\/www.immune-therapy.vet\/en\/wp-json\/wp\/v2\/fallbeispiel_tierart?post=28670"},{"taxonomy":"keywords","embeddable":true,"href":"https:\/\/www.immune-therapy.vet\/en\/wp-json\/wp\/v2\/keywords?post=28670"},{"taxonomy":"naehe_kaufentscheidung","embeddable":true,"href":"https:\/\/www.immune-therapy.vet\/en\/wp-json\/wp\/v2\/naehe_kaufentscheidung?post=28670"},{"taxonomy":"seo_","embeddable":true,"href":"https:\/\/www.immune-therapy.vet\/en\/wp-json\/wp\/v2\/seo_?post=28670"},{"taxonomy":"text_textart","embeddable":true,"href":"https:\/\/www.immune-therapy.vet\/en\/wp-json\/wp\/v2\/text_textart?post=28670"},{"taxonomy":"text_erkrankung","embeddable":true,"href":"https:\/\/www.immune-therapy.vet\/en\/wp-json\/wp\/v2\/text_erkrankung?post=28670"},{"taxonomy":"text_status","embeddable":true,"href":"https:\/\/www.immune-therapy.vet\/en\/wp-json\/wp\/v2\/text_status?post=28670"},{"taxonomy":"text_autor","embeddable":true,"href":"https:\/\/www.immune-therapy.vet\/en\/wp-json\/wp\/v2\/text_autor?post=28670"}],"curies":[{"name":"wp","href":"https:\/\/api.w.org\/{rel}","templated":true}]}}